{"id":9,"date":"2014-03-20T10:38:40","date_gmt":"2014-03-20T09:38:40","guid":{"rendered":"http:\/\/donitra.webson.cz\/?page_id=9"},"modified":"2016-08-12T11:46:15","modified_gmt":"2016-08-12T10:46:15","slug":"spoluprace","status":"publish","type":"page","link":"https:\/\/www.donitra.cz\/en\/spoluprace\/","title":{"rendered":"Spolupr\u00e1ce"},"content":{"rendered":"<p>Na\u0161i lekto\u0159i jsou \u010dasto \u010dleny Pr\u00e1zdninov\u00e9 \u0161koly Lipnice, kde z\u00edskali kvalifikaci k veden\u00ed program\u016f s vyu\u017eit\u00edm metody Z\u00e1\u017eitkov\u00e9 pedagogiky (zku\u0161enostn\u00ed u\u010den\u00ed). S Pr\u00e1zdninovou \u0161kolou spolupracujeme od sv\u00e9ho vzniku v roce 2001. K P\u0160L \u010dasem p\u0159ibyly: sdru\u017een\u00ed ARGO, Cyr\u00e1novy Boty z Brna, spolek Neposeda, Firedance (Tereza a Tom\u00e1\u0161 Kerle), David Oplatek a dal\u0161\u00ed.<\/p>\n<p>M\u00edstn\u011b spolupracujeme s ko\u0148skou farmou Pauzr a lib\u011bchovsk\u00fdm spolkem pro z\u00e1chranu Kostel\u00ed\u010dka v Lib\u011bchov\u011b.<\/p>","protected":false},"excerpt":{"rendered":"<p>Na\u0161i lekto\u0159i jsou \u010dasto \u010dleny Pr\u00e1zdninov\u00e9 \u0161koly Lipnice, kde z\u00edskali kvalifikaci k veden\u00ed program\u016f s vyu\u017eit\u00edm metody Z\u00e1\u017eitkov\u00e9 pedagogiky (zku\u0161enostn\u00ed u\u010den\u00ed). S Pr\u00e1zdninovou \u0161kolou spolupracujeme od sv\u00e9ho vzniku v roce 2001. K P\u0160L \u010dasem p\u0159ibyly: sdru\u017een\u00ed ARGO, Cyr\u00e1novy Boty z<span class=\"ellipsis\">&hellip;<\/span><\/p>\n<div class=\"read-more\"><a href=\"https:\/\/www.donitra.cz\/en\/spoluprace\/\">Read more &#8250;<\/a><\/div>\n<p><!-- end of .read-more --><\/p>\n","protected":false},"author":3,"featured_media":0,"parent":0,"menu_order":15,"comment_status":"closed","ping_status":"closed","template":"","meta":{"footnotes":""},"_links":{"self":[{"href":"https:\/\/www.donitra.cz\/en\/wp-json\/wp\/v2\/pages\/9"}],"collection":[{"href":"https:\/\/www.donitra.cz\/en\/wp-json\/wp\/v2\/pages"}],"about":[{"href":"https:\/\/www.donitra.cz\/en\/wp-json\/wp\/v2\/types\/page"}],"author":[{"embeddable":true,"href":"https:\/\/www.donitra.cz\/en\/wp-json\/wp\/v2\/users\/3"}],"replies":[{"embeddable":true,"href":"https:\/\/www.donitra.cz\/en\/wp-json\/wp\/v2\/comments?post=9"}],"version-history":[{"count":3,"href":"https:\/\/www.donitra.cz\/en\/wp-json\/wp\/v2\/pages\/9\/revisions"}],"predecessor-version":[{"id":760,"href":"https:\/\/www.donitra.cz\/en\/wp-json\/wp\/v2\/pages\/9\/revisions\/760"}],"wp:attachment":[{"href":"https:\/\/www.donitra.cz\/en\/wp-json\/wp\/v2\/media?parent=9"}],"curies":[{"name":"wp","href":"https:\/\/api.w.org\/{rel}","templated":true}]}}