{"id":796,"date":"2016-10-26T10:16:58","date_gmt":"2016-10-26T09:16:58","guid":{"rendered":"http:\/\/www.donitra.cz\/?page_id=796"},"modified":"2020-05-06T13:45:39","modified_gmt":"2020-05-06T12:45:39","slug":"lesni-skolka-v-udoli","status":"publish","type":"page","link":"https:\/\/www.donitra.cz\/en\/lesni-skolka-v-udoli\/","title":{"rendered":"Lesn\u00ed \u0161kolka &#8220;V \u00fadol\u00ed&#8221;"},"content":{"rendered":"<p><!--more--><\/p>\n<p><!--more--><\/p>\n<p>D\u011bti se ve \u0161kolce sch\u00e1z\u00ed celoro\u010dn\u011b v pond\u011bl\u00ed, st\u0159edu a ve \u010dtvrtek. Program prob\u00edh\u00e1 za ka\u017ed\u00e9ho po\u010das\u00ed a jeho struktura a n\u00e1pl\u0148 se prom\u011b\u0148uje podle ro\u010dn\u00edho obdob\u00ed. Pracujeme metodou z\u00e1\u017eitkov\u00e9 pedagogiky. U\u010d\u00edme se tomu k \u010demu n\u00e1s inspiruje p\u0159\u00edroda v na\u0161em okol\u00ed (Koko\u0159\u00ednsko) a ud\u00e1losti mezi d\u011btmi. Rozv\u00edj\u00edme ctnosti a \u0159\u00edd\u00edme se osv\u011bd\u010den\u00fdmi z\u00e1sadami. V mokr\u00fdch bot\u00e1ch je zima, do lou\u017ee se chod\u00ed v holink\u00e1ch. Ohe\u0148 se nejl\u00e9pe rozd\u011bl\u00e1v\u00e1 b\u0159ezovou k\u016frou. Vyraz\u00ed\u0161-li do sv\u011bta, d\u00e1vej pozor na auta. Pokud n\u011bkomu ubl\u00ed\u017e\u00ed\u0161, \u0159ekni promi\u0148. Pom\u00e1hej t\u011bm, co to pot\u0159ebuj\u00ed. Spole\u010dn\u011b n\u00e1m to jde rychleji. Zad\u00edvej se a uvid\u00ed\u0161. Ukl\u00edzej po sob\u011b. Hraj f\u00e9r. Pr\u016fvodkyn\u011bmi ve \u0161kolce jsou: Ren\u00e1ta Tr\u010dkov\u00e1 732 760 796, Iva Kounkov\u00e1 a pom\u00e1haj\u00ed n\u00e1m maminky B\u00e1ra, Lucka, \u0160\u00e1rka.<\/p>","protected":false},"excerpt":{"rendered":"<p>Sorry, this entry is only available in \u010cesky. For the sake of viewer convenience, the content is shown below in the alternative language. You may click the link to switch the active language.D\u011bti se ve \u0161kolce sch\u00e1z\u00ed celoro\u010dn\u011b od pond\u011bl\u00ed<span class=\"ellipsis\">&hellip;<\/span><\/p>\n<div class=\"read-more\"><a href=\"https:\/\/www.donitra.cz\/en\/lesni-skolka-v-udoli\/\">Read more &#8250;<\/a><\/div>\n<p><!-- end of .read-more --><\/p>\n","protected":false},"author":3,"featured_media":785,"parent":0,"menu_order":5,"comment_status":"closed","ping_status":"open","template":"","meta":{"footnotes":""},"_links":{"self":[{"href":"https:\/\/www.donitra.cz\/en\/wp-json\/wp\/v2\/pages\/796"}],"collection":[{"href":"https:\/\/www.donitra.cz\/en\/wp-json\/wp\/v2\/pages"}],"about":[{"href":"https:\/\/www.donitra.cz\/en\/wp-json\/wp\/v2\/types\/page"}],"author":[{"embeddable":true,"href":"https:\/\/www.donitra.cz\/en\/wp-json\/wp\/v2\/users\/3"}],"replies":[{"embeddable":true,"href":"https:\/\/www.donitra.cz\/en\/wp-json\/wp\/v2\/comments?post=796"}],"version-history":[{"count":32,"href":"https:\/\/www.donitra.cz\/en\/wp-json\/wp\/v2\/pages\/796\/revisions"}],"predecessor-version":[{"id":1128,"href":"https:\/\/www.donitra.cz\/en\/wp-json\/wp\/v2\/pages\/796\/revisions\/1128"}],"wp:featuredmedia":[{"embeddable":true,"href":"https:\/\/www.donitra.cz\/en\/wp-json\/wp\/v2\/media\/785"}],"wp:attachment":[{"href":"https:\/\/www.donitra.cz\/en\/wp-json\/wp\/v2\/media?parent=796"}],"curies":[{"name":"wp","href":"https:\/\/api.w.org\/{rel}","templated":true}]}}