{"id":7,"date":"2014-03-20T10:38:25","date_gmt":"2014-03-20T09:38:25","guid":{"rendered":"http:\/\/donitra.webson.cz\/?page_id=7"},"modified":"2014-06-04T09:32:32","modified_gmt":"2014-06-04T08:32:32","slug":"fotogalerie","status":"publish","type":"page","link":"https:\/\/www.donitra.cz\/en\/fotogalerie\/","title":{"rendered":"Fotogalerie"},"content":{"rendered":"<p><\/p>\n<div class=\"ngg-album-compact\"><a style=\"line-height: 1.5em;\" href=\"http:\/\/www.donitra.cz\/foto-stredisko\/\">St\u0159edisko<img loading=\"lazy\" decoding=\"async\" class=\"alignnone size-full wp-image-535\" alt=\"pokoj-2-\u010dtyr\u00e1k-150x150\" src=\"http:\/\/www.donitra.cz\/wp-content\/uploads\/pokoj-2-\u010dtyr\u00e1k-150x1501.jpg\" width=\"150\" height=\"150\" srcset=\"https:\/\/www.donitra.cz\/wp-content\/uploads\/pokoj-2-\u010dtyr\u00e1k-150x1501.jpg 150w, https:\/\/www.donitra.cz\/wp-content\/uploads\/pokoj-2-\u010dtyr\u00e1k-150x1501-100x100.jpg 100w\" sizes=\"(max-width: 150px) 100vw, 150px\" \/><\/a><\/div>\n<div class=\"ngg-album-compact\"><a style=\"line-height: 1.5em;\" href=\"http:\/\/www.donitra.cz\/foto-okoli-strediska\/\">Okol\u00ed st\u0159ediska<img loading=\"lazy\" decoding=\"async\" class=\"alignnone size-full wp-image-536\" alt=\"vlhost-150x150\" src=\"http:\/\/www.donitra.cz\/wp-content\/uploads\/vlhost-150x1501.jpg\" width=\"150\" height=\"150\" srcset=\"https:\/\/www.donitra.cz\/wp-content\/uploads\/vlhost-150x1501.jpg 150w, https:\/\/www.donitra.cz\/wp-content\/uploads\/vlhost-150x1501-100x100.jpg 100w\" sizes=\"(max-width: 150px) 100vw, 150px\" \/><\/a><\/div>\n<div class=\"ngg-album-compact\"><a style=\"line-height: 1.5em;\" href=\"http:\/\/www.donitra.cz\/foto-kurzy\/\">Kurzy<img loading=\"lazy\" decoding=\"async\" class=\"alignnone size-full wp-image-534\" alt=\"DSC_0723-web-150x150\" src=\"http:\/\/www.donitra.cz\/wp-content\/uploads\/DSC_0723-web-150x1501.jpg\" width=\"150\" height=\"150\" srcset=\"https:\/\/www.donitra.cz\/wp-content\/uploads\/DSC_0723-web-150x1501.jpg 150w, https:\/\/www.donitra.cz\/wp-content\/uploads\/DSC_0723-web-150x1501-100x100.jpg 100w\" sizes=\"(max-width: 150px) 100vw, 150px\" \/><\/a><\/div>\n<p><\/p>","protected":false},"excerpt":{"rendered":"<p>St\u0159edisko Okol\u00ed st\u0159ediska Kurzy<\/p>\n","protected":false},"author":3,"featured_media":0,"parent":0,"menu_order":16,"comment_status":"closed","ping_status":"closed","template":"","meta":{"footnotes":""},"_links":{"self":[{"href":"https:\/\/www.donitra.cz\/en\/wp-json\/wp\/v2\/pages\/7"}],"collection":[{"href":"https:\/\/www.donitra.cz\/en\/wp-json\/wp\/v2\/pages"}],"about":[{"href":"https:\/\/www.donitra.cz\/en\/wp-json\/wp\/v2\/types\/page"}],"author":[{"embeddable":true,"href":"https:\/\/www.donitra.cz\/en\/wp-json\/wp\/v2\/users\/3"}],"replies":[{"embeddable":true,"href":"https:\/\/www.donitra.cz\/en\/wp-json\/wp\/v2\/comments?post=7"}],"version-history":[{"count":23,"href":"https:\/\/www.donitra.cz\/en\/wp-json\/wp\/v2\/pages\/7\/revisions"}],"predecessor-version":[{"id":540,"href":"https:\/\/www.donitra.cz\/en\/wp-json\/wp\/v2\/pages\/7\/revisions\/540"}],"wp:attachment":[{"href":"https:\/\/www.donitra.cz\/en\/wp-json\/wp\/v2\/media?parent=7"}],"curies":[{"name":"wp","href":"https:\/\/api.w.org\/{rel}","templated":true}]}}