{"id":13,"date":"2014-03-20T10:39:03","date_gmt":"2014-03-20T09:39:03","guid":{"rendered":"http:\/\/donitra.webson.cz\/?page_id=13"},"modified":"2023-04-27T10:35:42","modified_gmt":"2023-04-27T09:35:42","slug":"kontakt","status":"publish","type":"page","link":"https:\/\/www.donitra.cz\/en\/kontakt\/","title":{"rendered":"Kontakt"},"content":{"rendered":"<p><\/p>\n<h4>DoNitra<\/h4>\n<p>adresa:\u00a0Osinalice 24\u00a0(\u010d\u00e1st obce Medonosy), 277 21 Lib\u011bchov<\/p>\n<p>telefon:\u00a0732\u00a0845\u00a0016\u00a0nebo\u00a0315\u00a0695 005<\/p>\n<p>I\u010c:\u00a026679175<\/p>\n<p>\u010d\u00edslo \u00fa\u010dtu:\u00a00220200389\/0800<\/p>\n<p>IBAN:\u00a0CZ82 0800 000 0002 2020 0389<\/p>\n<p><\/p>","protected":false},"excerpt":{"rendered":"<p>DoNitra adresa:\u00a0Osinalice 24\u00a0(\u010d\u00e1st obce Medonosy), 277 21 Lib\u011bchov telefon:\u00a0732\u00a0845\u00a0016\u00a0nebo\u00a0315\u00a0695 005 I\u010c:\u00a026679175 \u010d\u00edslo \u00fa\u010dtu:\u00a00220200389\/0800 IBAN:\u00a0CZ82 0800 000 0002 2020 0389<\/p>\n","protected":false},"author":3,"featured_media":0,"parent":0,"menu_order":13,"comment_status":"closed","ping_status":"closed","template":"","meta":{"footnotes":""},"_links":{"self":[{"href":"https:\/\/www.donitra.cz\/en\/wp-json\/wp\/v2\/pages\/13"}],"collection":[{"href":"https:\/\/www.donitra.cz\/en\/wp-json\/wp\/v2\/pages"}],"about":[{"href":"https:\/\/www.donitra.cz\/en\/wp-json\/wp\/v2\/types\/page"}],"author":[{"embeddable":true,"href":"https:\/\/www.donitra.cz\/en\/wp-json\/wp\/v2\/users\/3"}],"replies":[{"embeddable":true,"href":"https:\/\/www.donitra.cz\/en\/wp-json\/wp\/v2\/comments?post=13"}],"version-history":[{"count":10,"href":"https:\/\/www.donitra.cz\/en\/wp-json\/wp\/v2\/pages\/13\/revisions"}],"predecessor-version":[{"id":1228,"href":"https:\/\/www.donitra.cz\/en\/wp-json\/wp\/v2\/pages\/13\/revisions\/1228"}],"wp:attachment":[{"href":"https:\/\/www.donitra.cz\/en\/wp-json\/wp\/v2\/media?parent=13"}],"curies":[{"name":"wp","href":"https:\/\/api.w.org\/{rel}","templated":true}]}}